{"id":3549,"date":"2022-04-04T13:01:40","date_gmt":"2022-04-04T13:01:40","guid":{"rendered":"https:\/\/alsebai-formgren.holdings\/?page_id=3549"},"modified":"2022-06-22T06:08:49","modified_gmt":"2022-06-22T06:08:49","slug":"testamente","status":"publish","type":"page","link":"https:\/\/alsebai-formgren.holdings\/en\/testamente\/","title":{"rendered":"Testament"},"content":{"rendered":"<div data-elementor-type=\"wp-page\" data-elementor-id=\"3549\" class=\"elementor elementor-3549\" data-elementor-settings=\"[]\">\n\t\t\t\t\t\t\t<div class=\"elementor-section-wrap\">\n\t\t\t\t\t\t\t<section class=\"elementor-section elementor-top-section elementor-element elementor-element-c13bea0 elementor-section-boxed elementor-section-height-default elementor-section-height-default\" data-id=\"c13bea0\" data-element_type=\"section\" data-settings=\"{&quot;shape_divider_top&quot;:&quot;wave-brush&quot;}\">\n\t\t\t\t\t<div class=\"elementor-shape elementor-shape-top\" data-negative=\"false\">\n\t\t\t<svg xmlns=\"http:\/\/www.w3.org\/2000\/svg\" viewbox=\"0 0 283.5 27.8\" preserveaspectratio=\"none\">\n\t<path class=\"elementor-shape-fill\" d=\"M283.5,9.7c0,0-7.3,4.3-14,4.6c-6.8,0.3-12.6,0-20.9-1.5c-11.3-2-33.1-10.1-44.7-5.7\ts-12.1,4.6-18,7.4c-6.6,3.2-20,9.6-36.6,9.3C131.6,23.5,99.5,7.2,86.3,8c-1.4,0.1-6.6,0.8-10.5,2c-3.8,1.2-9.4,3.8-17,4.7\tc-3.2,0.4-8.3,1.1-14.2,0.9c-1.5-0.1-6.3-0.4-12-1.6c-5.7-1.2-11-3.1-15.8-3.7C6.5,9.2,0,10.8,0,10.8V0h283.5V9.7z M260.8,11.3\tc-0.7-1-2-0.4-4.3-0.4c-2.3,0-6.1-1.2-5.8-1.1c0.3,0.1,3.1,1.5,6,1.9C259.7,12.2,261.4,12.3,260.8,11.3z M242.4,8.6\tc0,0-2.4-0.2-5.6-0.9c-3.2-0.8-10.3-2.8-15.1-3.5c-8.2-1.1-15.8,0-15.1,0.1c0.8,0.1,9.6-0.6,17.6,1.1c3.3,0.7,9.3,2.2,12.4,2.7\tC239.9,8.7,242.4,8.6,242.4,8.6z M185.2,8.5c1.7-0.7-13.3,4.7-18.5,6.1c-2.1,0.6-6.2,1.6-10,2c-3.9,0.4-8.9,0.4-8.8,0.5\tc0,0.2,5.8,0.8,11.2,0c5.4-0.8,5.2-1.1,7.6-1.6C170.5,14.7,183.5,9.2,185.2,8.5z M199.1,6.9c0.2,0-0.8-0.4-4.8,1.1\tc-4,1.5-6.7,3.5-6.9,3.7c-0.2,0.1,3.5-1.8,6.6-3C197,7.5,199,6.9,199.1,6.9z M283,6c-0.1,0.1-1.9,1.1-4.8,2.5s-6.9,2.8-6.7,2.7\tc0.2,0,3.5-0.6,7.4-2.5C282.8,6.8,283.1,5.9,283,6z M31.3,11.6c0.1-0.2-1.9-0.2-4.5-1.2s-5.4-1.6-7.8-2C15,7.6,7.3,8.5,7.7,8.6\tC8,8.7,15.9,8.3,20.2,9.3c2.2,0.5,2.4,0.5,5.7,1.6S31.2,11.9,31.3,11.6z M73,9.2c0.4-0.1,3.5-1.6,8.4-2.6c4.9-1.1,8.9-0.5,8.9-0.8\tc0-0.3-1-0.9-6.2-0.3S72.6,9.3,73,9.2z M71.6,6.7C71.8,6.8,75,5.4,77.3,5c2.3-0.3,1.9-0.5,1.9-0.6c0-0.1-1.1-0.2-2.7,0.2\tC74.8,5.1,71.4,6.6,71.6,6.7z M93.6,4.4c0.1,0.2,3.5,0.8,5.6,1.8c2.1,1,1.8,0.6,1.9,0.5c0.1-0.1-0.8-0.8-2.4-1.3\tC97.1,4.8,93.5,4.2,93.6,4.4z M65.4,11.1c-0.1,0.3,0.3,0.5,1.9-0.2s2.6-1.3,2.2-1.2s-0.9,0.4-2.5,0.8C65.3,10.9,65.5,10.8,65.4,11.1\tz M34.5,12.4c-0.2,0,2.1,0.8,3.3,0.9c1.2,0.1,2,0.1,2-0.2c0-0.3-0.1-0.5-1.6-0.4C36.6,12.8,34.7,12.4,34.5,12.4z M152.2,21.1\tc-0.1,0.1-2.4-0.3-7.5-0.3c-5,0-13.6-2.4-17.2-3.5c-3.6-1.1,10,3.9,16.5,4.1C150.5,21.6,152.3,21,152.2,21.1z\"\/>\n\t<path class=\"elementor-shape-fill\" d=\"M269.6,18c-0.1-0.1-4.6,0.3-7.2,0c-7.3-0.7-17-3.2-16.6-2.9c0.4,0.3,13.7,3.1,17,3.3\tC267.7,18.8,269.7,18,269.6,18z\"\/>\n\t<path class=\"elementor-shape-fill\" d=\"M227.4,9.8c-0.2-0.1-4.5-1-9.5-1.2c-5-0.2-12.7,0.6-12.3,0.5c0.3-0.1,5.9-1.8,13.3-1.2\tS227.6,9.9,227.4,9.8z\"\/>\n\t<path class=\"elementor-shape-fill\" d=\"M204.5,13.4c-0.1-0.1,2-1,3.2-1.1c1.2-0.1,2,0,2,0.3c0,0.3-0.1,0.5-1.6,0.4\tC206.4,12.9,204.6,13.5,204.5,13.4z\"\/>\n\t<path class=\"elementor-shape-fill\" d=\"M201,10.6c0-0.1-4.4,1.2-6.3,2.2c-1.9,0.9-6.2,3.1-6.1,3.1c0.1,0.1,4.2-1.6,6.3-2.6\tS201,10.7,201,10.6z\"\/>\n\t<path class=\"elementor-shape-fill\" d=\"M154.5,26.7c-0.1-0.1-4.6,0.3-7.2,0c-7.3-0.7-17-3.2-16.6-2.9c0.4,0.3,13.7,3.1,17,3.3\tC152.6,27.5,154.6,26.8,154.5,26.7z\"\/>\n\t<path class=\"elementor-shape-fill\" d=\"M41.9,19.3c0,0,1.2-0.3,2.9-0.1c1.7,0.2,5.8,0.9,8.2,0.7c4.2-0.4,7.4-2.7,7-2.6\tc-0.4,0-4.3,2.2-8.6,1.9c-1.8-0.1-5.1-0.5-6.7-0.4S41.9,19.3,41.9,19.3z\"\/>\n\t<path class=\"elementor-shape-fill\" d=\"M75.5,12.6c0.2,0.1,2-0.8,4.3-1.1c2.3-0.2,2.1-0.3,2.1-0.5c0-0.1-1.8-0.4-3.4,0\tC76.9,11.5,75.3,12.5,75.5,12.6z\"\/>\n\t<path class=\"elementor-shape-fill\" d=\"M15.6,13.2c0-0.1,4.3,0,6.7,0.5c2.4,0.5,5,1.9,5,2c0,0.1-2.7-0.8-5.1-1.4\tC19.9,13.7,15.7,13.3,15.6,13.2z\"\/>\n<\/svg>\t\t<\/div>\n\t\t\t\t\t<div class=\"elementor-container elementor-column-gap-default\">\n\t\t\t\t\t<div class=\"elementor-column elementor-col-100 elementor-top-column elementor-element elementor-element-955f04b\" data-id=\"955f04b\" data-element_type=\"column\">\n\t\t\t<div class=\"elementor-widget-wrap elementor-element-populated\">\n\t\t\t\t\t\t\t\t<div class=\"elementor-element elementor-element-a752e5e elementor-widget elementor-widget-spacer\" data-id=\"a752e5e\" data-element_type=\"widget\" data-widget_type=\"spacer.default\">\n\t\t\t\t<div class=\"elementor-widget-container\">\n\t\t\t\t\t<div class=\"elementor-spacer\">\n\t\t\t<div class=\"elementor-spacer-inner\"><\/div>\n\t\t<\/div>\n\t\t\t\t<\/div>\n\t\t\t\t<\/div>\n\t\t\t\t<div class=\"elementor-element elementor-element-c4597de elementor-widget elementor-widget-heading\" data-id=\"c4597de\" data-element_type=\"widget\" data-widget_type=\"heading.default\">\n\t\t\t\t<div class=\"elementor-widget-container\">\n\t\t\t<h2 class=\"elementor-heading-title elementor-size-default\">Testament<\/h2>\t\t<\/div>\n\t\t\t\t<\/div>\n\t\t\t\t<div class=\"elementor-element elementor-element-cf7f8d5 elementor-widget elementor-widget-text-editor\" data-id=\"cf7f8d5\" data-element_type=\"widget\" data-widget_type=\"text-editor.default\">\n\t\t\t\t<div class=\"elementor-widget-container\">\n\t\t\t\t\t\t\t<p style=\"color: black; font-size: 18px;\">It is important to write a will and testament, irrespective of whether you are married, cohabiting or single. <br>Through a will, you decide who is or who is going to inherit what. To keep in mind is that the spouse will inherit the other side automatically and that is getting married, it can be a way to secure the life of their partner, if there are children from a previous relationship (someone else). <br>If you have a family, no matter if you are married, cohabiting or single parents, there is a way to make sure that the legacy will be their children&#039;s private property. Otherwise, their future spouse, or the spouse have a right to the succession event of a separation or divorce.\n\nIf you are a single parent, but a child is to think about what you want to do with it as you leave. In order to be sure that everything is as you want, you will need to provide a last will and testament. There is no will and testament divided the inheritance, according to the law.<br>\nA last will and testament is a valuable document that must be presented, in original, for the time of death. Keep testament to good.\nIn order to be sure that you get it right, and not to be missed, it is advisable to take the help of the us. \n<br>\nGood thing to keep in mind when it comes to will and testament:\nYou can bequeath what you want to whomever you want.\nYour kids (or grandkids, if a child is no longer living) has the right to claim their reserved portion.\nIf you are married and your spouse dies, without having to have someone else (a child from a previous relationship) will inherit everything if, there is not a will stating otherwise.<br> This is also true if you have children, because they are waiting for her legacy until the both of you walked away.\nChildren from a previous relationship, has the right to receive their inheritance all at once. They don&#039;t have to wait until stiff, or bonusf\u00f6r\u00e4ldern go away.<br> Then, with a will and life insurance policies to help you, or your spouse to be able to afford to stay in your home if you were to go away.<br> Testament to regulate so as to s\u00e4rkullbarnet only to get right down to their reserved portion, that is to say, one-half of the original estate.\nWhen your spouse passes away, inherit, in the first place the time of their child, and in the other hand the time of their parents and\/or siblings.<br> The only thing you are entitled to half of the value of the home and the household goods you have purchased for.<br> Do you want to be able to inherit each other, and you write a last will and testament. Do you have a common child, or no child at all, you can get married in order to inherit each other.\n\t\t\t\t\t\t<\/div>\n\t\t\t\t<\/div>\n\t\t\t\t\t<\/div>\n\t\t<\/div>\n\t\t\t\t\t\t\t<\/div>\n\t\t<\/section>\n\t\t\t\t\t\t<\/div>\n\t\t\t\t\t<\/div>","protected":false},"excerpt":{"rendered":"<p>Testamente Det \u00e4r viktigt att skriva testamente oavsett om du \u00e4r gift, sambo eller singel. Via ett testamente kan du sj\u00e4lv v\u00e4lja vem eller vilka som skall \u00e4rva vad. Att t\u00e4nka p\u00e5 \u00e4r att sambo \u00e4rver inte varandra automatiskt och som gifta kan det vara ett s\u00e4tt att trygga tillvaron f\u00f6r sin partnern om det &hellip;<\/p>\n<p class=\"read-more\"> <a class=\"\" href=\"https:\/\/alsebai-formgren.holdings\/en\/testamente\/\"> <span class=\"screen-reader-text\">Testament<\/span> Read More &raquo;<\/a><\/p>","protected":false},"author":1,"featured_media":0,"parent":0,"menu_order":0,"comment_status":"closed","ping_status":"closed","template":"","meta":{"footnotes":""},"class_list":["post-3549","page","type-page","status-publish","hentry"],"_links":{"self":[{"href":"https:\/\/alsebai-formgren.holdings\/en\/wp-json\/wp\/v2\/pages\/3549","targetHints":{"allow":["GET"]}}],"collection":[{"href":"https:\/\/alsebai-formgren.holdings\/en\/wp-json\/wp\/v2\/pages"}],"about":[{"href":"https:\/\/alsebai-formgren.holdings\/en\/wp-json\/wp\/v2\/types\/page"}],"author":[{"embeddable":true,"href":"https:\/\/alsebai-formgren.holdings\/en\/wp-json\/wp\/v2\/users\/1"}],"replies":[{"embeddable":true,"href":"https:\/\/alsebai-formgren.holdings\/en\/wp-json\/wp\/v2\/comments?post=3549"}],"version-history":[{"count":13,"href":"https:\/\/alsebai-formgren.holdings\/en\/wp-json\/wp\/v2\/pages\/3549\/revisions"}],"predecessor-version":[{"id":4066,"href":"https:\/\/alsebai-formgren.holdings\/en\/wp-json\/wp\/v2\/pages\/3549\/revisions\/4066"}],"wp:attachment":[{"href":"https:\/\/alsebai-formgren.holdings\/en\/wp-json\/wp\/v2\/media?parent=3549"}],"curies":[{"name":"wp","href":"https:\/\/api.w.org\/{rel}","templated":true}]}}